{"id":5221,"date":"2023-10-10T15:22:02","date_gmt":"2023-10-10T15:22:02","guid":{"rendered":"https:\/\/maribelpizafl.com\/?page_id=5221"},"modified":"2024-01-30T19:53:30","modified_gmt":"2024-01-30T19:53:30","slug":"immigration-appeals","status":"publish","type":"page","link":"https:\/\/maribelpizafl.com\/es\/immigration-appeals\/","title":{"rendered":"Apelaciones de Inmigraci\u00f3n"},"content":{"rendered":"<p><div class=\"fusion-fullwidth fullwidth-box fusion-builder-row-1 fusion-flex-container nonhundred-percent-fullwidth non-hundred-percent-height-scrolling fusion-animated\" style=\"--awb-border-radius-top-left:0px;--awb-border-radius-top-right:0px;--awb-border-radius-bottom-right:0px;--awb-border-radius-bottom-left:0px;--awb-margin-bottom:120px;--awb-margin-bottom-medium:80px;--awb-margin-bottom-small:60px;--awb-flex-wrap:wrap;\" data-animationtype=\"fadeInUp\" data-animationduration=\"1.3\" data-animationoffset=\"top-into-view\" ><div class=\"fusion-builder-row fusion-row fusion-flex-align-items-flex-start fusion-flex-content-wrap\" style=\"max-width:1216.8px;margin-left: calc(-4% \/ 2 );margin-right: calc(-4% \/ 2 );\"><div class=\"fusion-layout-column fusion_builder_column fusion-builder-column-0 fusion-flex-column\" style=\"--awb-bg-blend:overlay;--awb-bg-size:cover;--awb-width-large:40%;--awb-margin-top-large:0px;--awb-spacing-right-large:3.84%;--awb-margin-bottom-large:0px;--awb-spacing-left-large:4.8%;--awb-width-medium:40%;--awb-spacing-right-medium:3.84%;--awb-spacing-left-medium:4.8%;--awb-width-small:100%;--awb-spacing-right-small:1.92%;--awb-margin-bottom-small:15px;--awb-spacing-left-small:1.92%;\"><div class=\"fusion-column-wrapper fusion-flex-justify-content-flex-start fusion-content-layout-column\"><div class=\"fusion-text fusion-text-1 fusion-text-no-margin\" style=\"--awb-font-size:var(--awb-typography2-font-size);--awb-line-height:var(--awb-typography2-line-height);--awb-letter-spacing:var(--awb-typography2-letter-spacing);--awb-text-transform:var(--awb-typography2-text-transform);--awb-text-color:var(--awb-color4);--awb-margin-bottom:25px;--awb-text-font-family:var(--awb-typography2-font-family);--awb-text-font-weight:var(--awb-typography2-font-weight);--awb-text-font-style:var(--awb-typography2-font-style);\"><p style=\"letter-spacing: 3px;\">Abogado de Apelaciones de Inmigraci\u00f3n<\/p>\n<\/div><div class=\"fusion-title title fusion-title-1 fusion-title-text fusion-title-size-two\" style=\"--awb-margin-bottom:0px;--awb-margin-top-small:0px;--awb-margin-bottom-small:20px;--awb-font-size:37px;\"><div class=\"title-sep-container title-sep-container-left fusion-no-large-visibility fusion-no-medium-visibility fusion-no-small-visibility\"><div class=\"title-sep sep- sep-solid\" style=\"border-color:var(--awb-color3);\"><\/div><\/div><span class=\"awb-title-spacer fusion-no-large-visibility fusion-no-medium-visibility fusion-no-small-visibility\"><\/span><h2 class=\"fusion-title-heading title-heading-left fusion-responsive-typography-calculated\" style=\"margin:0;text-transform:capitalize;font-size:1em;--fontSize:37;line-height:1.35;\">Steps to Take Following a Denial by USCIS<\/h2><span class=\"awb-title-spacer\"><\/span><div class=\"title-sep-container title-sep-container-right\"><div class=\"title-sep sep- sep-solid\" style=\"border-color:var(--awb-color3);\"><\/div><\/div><\/div><\/div><\/div><div class=\"fusion-layout-column fusion_builder_column fusion-builder-column-1 fusion-flex-column\" style=\"--awb-bg-blend:overlay;--awb-bg-size:cover;--awb-width-large:60%;--awb-margin-top-large:0px;--awb-spacing-right-large:3.2%;--awb-margin-bottom-large:0px;--awb-spacing-left-large:6.4%;--awb-width-medium:60%;--awb-spacing-right-medium:3.2%;--awb-spacing-left-medium:6.4%;--awb-width-small:100%;--awb-spacing-right-small:1.92%;--awb-spacing-left-small:1.92%;\"><div class=\"fusion-column-wrapper fusion-flex-justify-content-flex-start fusion-content-layout-column\"><div class=\"fusion-text fusion-text-2 fusion-text-no-margin\" style=\"--awb-text-color:var(--awb-color7);--awb-margin-bottom:0px;\"><p><span style=\"color: var(--awb-text-color); font-family: var(--awb-text-font-family); font-size: var(--awb-font-size); font-style: var(--awb-text-font-style); font-weight: var(--awb-text-font-weight); letter-spacing: var(--awb-letter-spacing); text-align: var(--awb-content-alignment); text-transform: var(--awb-text-transform); background-color: var(--awb-bg-color-hover);\">Si el USCIS ha emitido una negaci\u00f3n, todav\u00eda existen v\u00edas viables que puedes seguir.<\/span><\/p>\n<p>Tus opciones incluyen:<\/p>\n<ul>\n<li>Presentar una apelaci\u00f3n o una moci\u00f3n para reconsiderar la decisi\u00f3n basada en los m\u00e9ritos del caso.<\/li>\n<li>Solicitar la reapertura del caso con nueva evidencia o hechos.<\/li>\n<\/ul>\n<p>Si opta por apelar, su caso ser\u00e1 reevaluado por la Junta de Apelaciones de Inmigraci\u00f3n (BIA) o la Oficina de Apelaciones Administrativas de USCIS (AAO), donde una revisi\u00f3n independiente resultar\u00e1 en una nueva decisi\u00f3n.<\/p>\n<p>Optar por presentar una moci\u00f3n significa solicitar a USCIS que vuelva a examinar la decisi\u00f3n inicial para determinar si se tom\u00f3 correctamente. Decidir entre presentar una moci\u00f3n o una apelaci\u00f3n requiere consultar con un abogado de inmigraci\u00f3n que pueda ayudar a formular una estrategia efectiva.<\/p>\n<\/div><\/div><\/div><\/div><\/div><div class=\"fusion-fullwidth fullwidth-box fusion-builder-row-2 fusion-flex-container nonhundred-percent-fullwidth non-hundred-percent-height-scrolling fusion-animated\" style=\"--awb-border-sizes-top:0px;--awb-border-sizes-bottom:0px;--awb-border-sizes-left:0px;--awb-border-sizes-right:0px;--awb-border-radius-top-left:0px;--awb-border-radius-top-right:0px;--awb-border-radius-bottom-right:0px;--awb-border-radius-bottom-left:0px;--awb-margin-bottom:80px;--awb-margin-bottom-medium:60px;--awb-margin-bottom-small:60px;--awb-flex-wrap:wrap;\" data-animationtype=\"fadeInUp\" data-animationduration=\"1.3\" data-animationoffset=\"top-into-view\" ><div class=\"fusion-builder-row fusion-row fusion-flex-align-items-center fusion-flex-content-wrap\" style=\"max-width:1216.8px;margin-left: calc(-4% \/ 2 );margin-right: calc(-4% \/ 2 );\"><div class=\"fusion-layout-column fusion_builder_column fusion-builder-column-2 fusion_builder_column_1_2 1_2 fusion-flex-column\" style=\"--awb-bg-size:cover;--awb-width-large:50%;--awb-margin-top-large:0px;--awb-spacing-right-large:3.84%;--awb-margin-bottom-large:0px;--awb-spacing-left-large:3.84%;--awb-width-medium:40%;--awb-order-medium:0;--awb-spacing-right-medium:4.8%;--awb-spacing-left-medium:4.8%;--awb-width-small:100%;--awb-order-small:0;--awb-spacing-right-small:1.92%;--awb-margin-bottom-small:60px;--awb-spacing-left-small:1.92%;\"><div class=\"fusion-column-wrapper fusion-column-has-shadow fusion-flex-justify-content-flex-start fusion-content-layout-column\"><div class=\"fusion-image-element\" style=\"--awb-caption-title-font-family:var(--h2_typography-font-family);--awb-caption-title-font-weight:var(--h2_typography-font-weight);--awb-caption-title-font-style:var(--h2_typography-font-style);--awb-caption-title-size:var(--h2_typography-font-size);--awb-caption-title-transform:var(--h2_typography-text-transform);--awb-caption-title-line-height:var(--h2_typography-line-height);--awb-caption-title-letter-spacing:var(--h2_typography-letter-spacing);\"><span class=\"fusion-imageframe imageframe-none imageframe-1 hover-type-none\"><img decoding=\"async\" width=\"900\" height=\"944\" title=\"Immigration-Appeals\" src=\"https:\/\/maribelpizafl.com\/wp-content\/uploads\/2023\/10\/Immigration-Appeals.jpg\" data-orig-src=\"https:\/\/maribelpizafl.com\/wp-content\/uploads\/2023\/10\/Immigration-Appeals.jpg\" alt class=\"lazyload img-responsive wp-image-5574\" srcset=\"data:image\/svg+xml,%3Csvg%20xmlns%3D%27http%3A%2F%2Fwww.w3.org%2F2000%2Fsvg%27%20width%3D%27900%27%20height%3D%27944%27%20viewBox%3D%270%200%20900%20944%27%3E%3Crect%20width%3D%27900%27%20height%3D%27944%27%20fill-opacity%3D%220%22%2F%3E%3C%2Fsvg%3E\" data-srcset=\"https:\/\/maribelpizafl.com\/wp-content\/uploads\/2023\/10\/Immigration-Appeals-200x210.jpg 200w, https:\/\/maribelpizafl.com\/wp-content\/uploads\/2023\/10\/Immigration-Appeals-400x420.jpg 400w, https:\/\/maribelpizafl.com\/wp-content\/uploads\/2023\/10\/Immigration-Appeals-600x629.jpg 600w, https:\/\/maribelpizafl.com\/wp-content\/uploads\/2023\/10\/Immigration-Appeals-800x839.jpg 800w, https:\/\/maribelpizafl.com\/wp-content\/uploads\/2023\/10\/Immigration-Appeals.jpg 900w\" data-sizes=\"auto\" data-orig-sizes=\"(max-width: 1024px) 100vw, (max-width: 640px) 100vw, 600px\" \/><\/span><\/div><\/div><\/div><div class=\"fusion-layout-column fusion_builder_column fusion-builder-column-3 fusion_builder_column_1_2 1_2 fusion-flex-column\" style=\"--awb-padding-right-medium:0px;--awb-padding-left-medium:0px;--awb-bg-size:cover;--awb-width-large:50%;--awb-margin-top-large:0px;--awb-spacing-right-large:3.84%;--awb-margin-bottom-large:0px;--awb-spacing-left-large:40px;--awb-width-medium:60%;--awb-order-medium:0;--awb-spacing-right-medium:3.2%;--awb-spacing-left-medium:40px;--awb-width-small:100%;--awb-order-small:1;--awb-spacing-right-small:1.92%;--awb-margin-bottom-small:0px;--awb-spacing-left-small:1.92%;\" data-scroll-devices=\"small-visibility,medium-visibility,large-visibility\"><div class=\"fusion-column-wrapper fusion-column-has-shadow fusion-flex-justify-content-center fusion-content-layout-column\"><div class=\"fusion-title title fusion-title-2 fusion-title-text fusion-title-size-two\" style=\"--awb-margin-top:10px;--awb-margin-right:0px;--awb-margin-bottom:40px;--awb-margin-left:0px;--awb-margin-top-small:10px;--awb-margin-right-small:0px;--awb-margin-bottom-small:50px;--awb-margin-left-small:0px;\"><div class=\"title-sep-container title-sep-container-left fusion-no-large-visibility fusion-no-medium-visibility fusion-no-small-visibility\"><div class=\"title-sep sep- sep-solid\" style=\"border-color:var(--awb-color3);\"><\/div><\/div><span class=\"awb-title-spacer fusion-no-large-visibility fusion-no-medium-visibility fusion-no-small-visibility\"><\/span><h2 class=\"fusion-title-heading title-heading-left fusion-responsive-typography-calculated\" style=\"margin:0;text-transform:none;--fontSize:42;line-height:var(--awb-typography1-line-height);\">\u00bfQui\u00e9n es elegible para presentar una apelaci\u00f3n o una moci\u00f3n relacionada?<\/h2><span class=\"awb-title-spacer\"><\/span><div class=\"title-sep-container title-sep-container-right\"><div class=\"title-sep sep- sep-solid\" style=\"border-color:var(--awb-color3);\"><\/div><\/div><\/div><div class=\"fusion-text fusion-text-3 fusion-text-no-margin\" style=\"--awb-margin-right:10%;--awb-margin-bottom:0px;--awb-margin-left:10%;\"><p>Pueden surgir desaf\u00edos si alguien que no sea el beneficiario o peticionario intenta presentar una apelaci\u00f3n o una moci\u00f3n para reconsiderar la decisi\u00f3n.<\/p>\n<p>Por lo general, el derecho a presentar una apelaci\u00f3n o moci\u00f3n est\u00e1 reservado para el peticionario. Sin embargo, existen excepciones en los casos de peticiones de trabajadores inmigrantes, donde los beneficiarios de dichas peticiones pueden tener la capacidad de presentar una apelaci\u00f3n contra una decisi\u00f3n adversa, siempre que toda la documentaci\u00f3n requerida est\u00e9 debidamente organizada.<\/p>\n<\/div><\/div><\/div><\/div><\/div><div class=\"fusion-fullwidth fullwidth-box fusion-builder-row-3 fusion-flex-container has-pattern-background has-mask-background nonhundred-percent-fullwidth non-hundred-percent-height-scrolling fusion-animated\" style=\"--awb-border-sizes-top:0px;--awb-border-sizes-bottom:0px;--awb-border-sizes-left:0px;--awb-border-sizes-right:0px;--awb-border-radius-top-left:0px;--awb-border-radius-top-right:0px;--awb-border-radius-bottom-right:0px;--awb-border-radius-bottom-left:0px;--awb-margin-bottom:20px;--awb-margin-bottom-medium:60px;--awb-margin-bottom-small:60px;--awb-flex-wrap:wrap;\" data-animationtype=\"fadeInUp\" data-animationduration=\"1.3\" data-animationoffset=\"top-into-view\" ><div class=\"fusion-builder-row fusion-row fusion-flex-align-items-center fusion-flex-content-wrap\" style=\"max-width:1216.8px;margin-left: calc(-4% \/ 2 );margin-right: calc(-4% \/ 2 );\"><div class=\"fusion-layout-column fusion_builder_column fusion-builder-column-4 fusion_builder_column_1_1 1_1 fusion-flex-column\" style=\"--awb-padding-right-medium:0px;--awb-padding-left-medium:0px;--awb-bg-size:cover;--awb-width-large:100%;--awb-margin-top-large:0px;--awb-spacing-right-large:1.92%;--awb-margin-bottom-large:0px;--awb-spacing-left-large:1.92%;--awb-width-medium:60%;--awb-order-medium:0;--awb-spacing-right-medium:3.2%;--awb-spacing-left-medium:3.2%;--awb-width-small:100%;--awb-order-small:1;--awb-spacing-right-small:1.92%;--awb-margin-bottom-small:0px;--awb-spacing-left-small:1.92%;\" data-scroll-devices=\"small-visibility,medium-visibility,large-visibility\"><div class=\"fusion-column-wrapper fusion-column-has-shadow fusion-flex-justify-content-center fusion-content-layout-row\"><div class=\"fusion-title title fusion-title-3 fusion-title-center fusion-title-text fusion-title-size-two\" style=\"--awb-margin-top:10px;--awb-margin-right:0px;--awb-margin-bottom:40px;--awb-margin-left:0px;--awb-margin-top-small:10px;--awb-margin-right-small:0px;--awb-margin-bottom-small:50px;--awb-margin-left-small:0px;--awb-font-size:36px;\"><div class=\"title-sep-container title-sep-container-left\"><div class=\"title-sep sep- sep-solid\" style=\"border-color:var(--awb-color3);\"><\/div><\/div><span class=\"awb-title-spacer\"><\/span><h2 class=\"fusion-title-heading title-heading-center fusion-responsive-typography-calculated\" style=\"margin:0;text-transform:none;font-size:1em;--fontSize:36;line-height:var(--awb-typography1-line-height);\">Equipo Legal Experto, Experimentado e Informado en el Sur de Florida<\/h2><span class=\"awb-title-spacer\"><\/span><div class=\"title-sep-container title-sep-container-right\"><div class=\"title-sep sep- sep-solid\" style=\"border-color:var(--awb-color3);\"><\/div><\/div><\/div><div class=\"fusion-text fusion-text-4 fusion-text-no-margin\" style=\"--awb-margin-right:10%;--awb-margin-bottom:0px;--awb-margin-left:10%;\"><p>En Maribel A. Piza, P.A., ofrecemos el asesoramiento legal confiable necesario para cambiar la trayectoria de su caso de inmigraci\u00f3n hacia un resultado m\u00e1s positivo.<\/p>\n<p>Con m\u00e1s de una d\u00e9cada de experiencia sirviendo a clientes en el sur de Florida, nos especializamos en guiar a las personas a trav\u00e9s de las complejidades del sistema de inmigraci\u00f3n de los Estados Unidos. Si se encuentra desanimado por una decisi\u00f3n de USCIS u otra autoridad de inmigraci\u00f3n, ahora es el momento de contar con un h\u00e1bil abogado de inmigraci\u00f3n para que defienda su causa.<\/p>\n<\/div><div class=\"fusion-separator fusion-full-width-sep\" style=\"align-self: center;margin-left: auto;margin-right: auto;margin-bottom:2%;width:100%;\"><\/div><div class=\"fusion-content-boxes content-boxes columns row fusion-columns-1 fusion-columns-total-1 fusion-content-boxes-1 content-boxes-clean-vertical content-left content-boxes-icon-on-top\" style=\"--awb-body-color:var(--awb-color1);--awb-title-color:var(--awb-color4);--awb-hover-accent-color:var(--awb-color1);--awb-circle-hover-accent-color:var(--awb-color1);--awb-item-margin-bottom:40px;\" data-animationoffset=\"top-into-view\"><div style=\"--awb-backgroundcolor:var(--awb-custom_color_3);border-color:rgba(255,255,255,0);\" class=\"fusion-column content-box-column content-box-column content-box-column-1 col-lg-12 col-md-12 col-sm-12 fusion-content-box-hover content-box-column-last content-box-column-last-in-row\"><div class=\"col content-box-wrapper content-wrapper-background link-area-link-icon icon-hover-animation-none\" data-animationoffset=\"top-into-view\"><div class=\"heading icon-left\"><h2 class=\"content-box-heading fusion-responsive-typography-calculated\" style=\"--h2_typography-font-size:24px;--fontSize:24;line-height:var(--awb-typography1-line-height);\">Env\u00edenos un mensaje en l\u00ednea o llame al (561) 779-3525<\/h2><\/div><div class=\"fusion-clearfix\"><\/div><div class=\"content-container\">Para programar su consulta por tel\u00e9fono, en persona o por chat con un abogado de inmigraci\u00f3n en Florida hoy. Nuestros servicios est\u00e1n disponibles en ingl\u00e9s y espa\u00f1ol.<\/div><\/div><\/div><div class=\"fusion-clearfix\"><\/div><\/div><\/div><\/div><\/div><\/div><\/p>","protected":false},"excerpt":{"rendered":"","protected":false},"author":1,"featured_media":5741,"parent":0,"menu_order":0,"comment_status":"closed","ping_status":"closed","template":"100-width.php","meta":{"footnotes":""},"class_list":["post-5221","page","type-page","status-publish","has-post-thumbnail","hentry"],"yoast_head":"<!-- This site is optimized with the Yoast SEO plugin v27.5 - https:\/\/yoast.com\/product\/yoast-seo-wordpress\/ -->\n<title>Immigration Appeals - Maribel A. Piza, P.A.<\/title>\n<meta name=\"description\" content=\"Should you opt to appeal, your case will be re-evaluated by either the Board of Immigration Appeals (BIA) or the USCIS Administrative Appeals Office (AAO), where an independent review will result in a new decision.\" \/>\n<meta name=\"robots\" content=\"index, follow, max-snippet:-1, max-image-preview:large, max-video-preview:-1\" \/>\n<link rel=\"canonical\" href=\"https:\/\/maribelpizafl.com\/es\/immigration-appeals\/\" \/>\n<meta property=\"og:locale\" content=\"es_MX\" \/>\n<meta property=\"og:type\" content=\"article\" \/>\n<meta property=\"og:title\" content=\"Immigration Appeals - Maribel A. Piza, P.A.\" \/>\n<meta property=\"og:description\" content=\"Should you opt to appeal, your case will be re-evaluated by either the Board of Immigration Appeals (BIA) or the USCIS Administrative Appeals Office (AAO), where an independent review will result in a new decision.\" \/>\n<meta property=\"og:url\" content=\"https:\/\/maribelpizafl.com\/es\/immigration-appeals\/\" \/>\n<meta property=\"og:site_name\" content=\"Maribel A. Piza, P.A.\" \/>\n<meta property=\"article:modified_time\" content=\"2024-01-30T19:53:30+00:00\" \/>\n<meta property=\"og:image\" content=\"https:\/\/maribelpizafl.com\/wp-content\/uploads\/2023\/11\/serious-young-african-american-female-calms-offended-sad-male-sit-sofa-room-interior-scaled-1.jpg\" \/>\n\t<meta property=\"og:image:width\" content=\"2560\" \/>\n\t<meta property=\"og:image:height\" content=\"1577\" \/>\n\t<meta property=\"og:image:type\" content=\"image\/jpeg\" \/>\n<meta name=\"twitter:card\" content=\"summary_large_image\" \/>\n<meta name=\"twitter:label1\" content=\"Tiempo de lectura\" \/>\n\t<meta name=\"twitter:data1\" content=\"2 minutos\" \/>\n<script type=\"application\/ld+json\" class=\"yoast-schema-graph\">{\"@context\":\"https:\\\/\\\/schema.org\",\"@graph\":[{\"@type\":\"WebPage\",\"@id\":\"https:\\\/\\\/maribelpizafl.com\\\/immigration-appeals\\\/\",\"url\":\"https:\\\/\\\/maribelpizafl.com\\\/immigration-appeals\\\/\",\"name\":\"Immigration Appeals - Maribel A. Piza, P.A.\",\"isPartOf\":{\"@id\":\"https:\\\/\\\/maribelpizafl.com\\\/#website\"},\"primaryImageOfPage\":{\"@id\":\"https:\\\/\\\/maribelpizafl.com\\\/immigration-appeals\\\/#primaryimage\"},\"image\":{\"@id\":\"https:\\\/\\\/maribelpizafl.com\\\/immigration-appeals\\\/#primaryimage\"},\"thumbnailUrl\":\"https:\\\/\\\/maribelpizafl.com\\\/wp-content\\\/uploads\\\/2023\\\/11\\\/serious-young-african-american-female-calms-offended-sad-male-sit-sofa-room-interior-scaled-1.jpg\",\"datePublished\":\"2023-10-10T15:22:02+00:00\",\"dateModified\":\"2024-01-30T19:53:30+00:00\",\"description\":\"Should you opt to appeal, your case will be re-evaluated by either the Board of Immigration Appeals (BIA) or the USCIS Administrative Appeals Office (AAO), where an independent review will result in a new decision.\",\"breadcrumb\":{\"@id\":\"https:\\\/\\\/maribelpizafl.com\\\/immigration-appeals\\\/#breadcrumb\"},\"inLanguage\":\"es\",\"potentialAction\":[{\"@type\":\"ReadAction\",\"target\":[\"https:\\\/\\\/maribelpizafl.com\\\/immigration-appeals\\\/\"]}]},{\"@type\":\"ImageObject\",\"inLanguage\":\"es\",\"@id\":\"https:\\\/\\\/maribelpizafl.com\\\/immigration-appeals\\\/#primaryimage\",\"url\":\"https:\\\/\\\/maribelpizafl.com\\\/wp-content\\\/uploads\\\/2023\\\/11\\\/serious-young-african-american-female-calms-offended-sad-male-sit-sofa-room-interior-scaled-1.jpg\",\"contentUrl\":\"https:\\\/\\\/maribelpizafl.com\\\/wp-content\\\/uploads\\\/2023\\\/11\\\/serious-young-african-american-female-calms-offended-sad-male-sit-sofa-room-interior-scaled-1.jpg\",\"width\":2560,\"height\":1577,\"caption\":\"Serious young african american female calms offended sad male sit on sofa in room interior. Reconciliation after quarrel, relationship problems, bad news reaction and crisis, support, care at home\"},{\"@type\":\"BreadcrumbList\",\"@id\":\"https:\\\/\\\/maribelpizafl.com\\\/immigration-appeals\\\/#breadcrumb\",\"itemListElement\":[{\"@type\":\"ListItem\",\"position\":1,\"name\":\"Home\",\"item\":\"https:\\\/\\\/maribelpizafl.com\\\/\"},{\"@type\":\"ListItem\",\"position\":2,\"name\":\"Immigration Appeals\"}]},{\"@type\":\"WebSite\",\"@id\":\"https:\\\/\\\/maribelpizafl.com\\\/#website\",\"url\":\"https:\\\/\\\/maribelpizafl.com\\\/\",\"name\":\"Maribel A. Piza, P.A.\",\"description\":\"\",\"potentialAction\":[{\"@type\":\"SearchAction\",\"target\":{\"@type\":\"EntryPoint\",\"urlTemplate\":\"https:\\\/\\\/maribelpizafl.com\\\/?s={search_term_string}\"},\"query-input\":{\"@type\":\"PropertyValueSpecification\",\"valueRequired\":true,\"valueName\":\"search_term_string\"}}],\"inLanguage\":\"es\"}]}<\/script>\n<!-- \/ Yoast SEO plugin. -->","yoast_head_json":{"title":"Immigration Appeals - Maribel A. Piza, P.A.","description":"Si opta por apelar, su caso ser\u00e1 reevaluado por la Junta de Apelaciones de Inmigraci\u00f3n (BIA) o la Oficina de Apelaciones Administrativas de USCIS (AAO), donde una revisi\u00f3n independiente resultar\u00e1 en una nueva decisi\u00f3n.","robots":{"index":"index","follow":"follow","max-snippet":"max-snippet:-1","max-image-preview":"max-image-preview:large","max-video-preview":"max-video-preview:-1"},"canonical":"https:\/\/maribelpizafl.com\/es\/immigration-appeals\/","og_locale":"es_MX","og_type":"article","og_title":"Immigration Appeals - Maribel A. Piza, P.A.","og_description":"Should you opt to appeal, your case will be re-evaluated by either the Board of Immigration Appeals (BIA) or the USCIS Administrative Appeals Office (AAO), where an independent review will result in a new decision.","og_url":"https:\/\/maribelpizafl.com\/es\/immigration-appeals\/","og_site_name":"Maribel A. Piza, P.A.","article_modified_time":"2024-01-30T19:53:30+00:00","og_image":[{"width":2560,"height":1577,"url":"https:\/\/maribelpizafl.com\/wp-content\/uploads\/2023\/11\/serious-young-african-american-female-calms-offended-sad-male-sit-sofa-room-interior-scaled-1.jpg","type":"image\/jpeg"}],"twitter_card":"summary_large_image","twitter_misc":{"Tiempo de lectura":"2 minutos"},"schema":{"@context":"https:\/\/schema.org","@graph":[{"@type":"WebPage","@id":"https:\/\/maribelpizafl.com\/immigration-appeals\/","url":"https:\/\/maribelpizafl.com\/immigration-appeals\/","name":"Immigration Appeals - Maribel A. Piza, P.A.","isPartOf":{"@id":"https:\/\/maribelpizafl.com\/#website"},"primaryImageOfPage":{"@id":"https:\/\/maribelpizafl.com\/immigration-appeals\/#primaryimage"},"image":{"@id":"https:\/\/maribelpizafl.com\/immigration-appeals\/#primaryimage"},"thumbnailUrl":"https:\/\/maribelpizafl.com\/wp-content\/uploads\/2023\/11\/serious-young-african-american-female-calms-offended-sad-male-sit-sofa-room-interior-scaled-1.jpg","datePublished":"2023-10-10T15:22:02+00:00","dateModified":"2024-01-30T19:53:30+00:00","description":"Si opta por apelar, su caso ser\u00e1 reevaluado por la Junta de Apelaciones de Inmigraci\u00f3n (BIA) o la Oficina de Apelaciones Administrativas de USCIS (AAO), donde una revisi\u00f3n independiente resultar\u00e1 en una nueva decisi\u00f3n.","breadcrumb":{"@id":"https:\/\/maribelpizafl.com\/immigration-appeals\/#breadcrumb"},"inLanguage":"es","potentialAction":[{"@type":"ReadAction","target":["https:\/\/maribelpizafl.com\/immigration-appeals\/"]}]},{"@type":"ImageObject","inLanguage":"es","@id":"https:\/\/maribelpizafl.com\/immigration-appeals\/#primaryimage","url":"https:\/\/maribelpizafl.com\/wp-content\/uploads\/2023\/11\/serious-young-african-american-female-calms-offended-sad-male-sit-sofa-room-interior-scaled-1.jpg","contentUrl":"https:\/\/maribelpizafl.com\/wp-content\/uploads\/2023\/11\/serious-young-african-american-female-calms-offended-sad-male-sit-sofa-room-interior-scaled-1.jpg","width":2560,"height":1577,"caption":"Serious young african american female calms offended sad male sit on sofa in room interior. Reconciliation after quarrel, relationship problems, bad news reaction and crisis, support, care at home"},{"@type":"BreadcrumbList","@id":"https:\/\/maribelpizafl.com\/immigration-appeals\/#breadcrumb","itemListElement":[{"@type":"ListItem","position":1,"name":"Home","item":"https:\/\/maribelpizafl.com\/"},{"@type":"ListItem","position":2,"name":"Immigration Appeals"}]},{"@type":"WebSite","@id":"https:\/\/maribelpizafl.com\/#website","url":"https:\/\/maribelpizafl.com\/","name":"Maribel A. Piza, P.A.","description":"","potentialAction":[{"@type":"SearchAction","target":{"@type":"EntryPoint","urlTemplate":"https:\/\/maribelpizafl.com\/?s={search_term_string}"},"query-input":{"@type":"PropertyValueSpecification","valueRequired":true,"valueName":"search_term_string"}}],"inLanguage":"es"}]}},"_links":{"self":[{"href":"https:\/\/maribelpizafl.com\/es\/wp-json\/wp\/v2\/pages\/5221","targetHints":{"allow":["GET"]}}],"collection":[{"href":"https:\/\/maribelpizafl.com\/es\/wp-json\/wp\/v2\/pages"}],"about":[{"href":"https:\/\/maribelpizafl.com\/es\/wp-json\/wp\/v2\/types\/page"}],"author":[{"embeddable":true,"href":"https:\/\/maribelpizafl.com\/es\/wp-json\/wp\/v2\/users\/1"}],"replies":[{"embeddable":true,"href":"https:\/\/maribelpizafl.com\/es\/wp-json\/wp\/v2\/comments?post=5221"}],"version-history":[{"count":10,"href":"https:\/\/maribelpizafl.com\/es\/wp-json\/wp\/v2\/pages\/5221\/revisions"}],"predecessor-version":[{"id":5922,"href":"https:\/\/maribelpizafl.com\/es\/wp-json\/wp\/v2\/pages\/5221\/revisions\/5922"}],"wp:featuredmedia":[{"embeddable":true,"href":"https:\/\/maribelpizafl.com\/es\/wp-json\/wp\/v2\/media\/5741"}],"wp:attachment":[{"href":"https:\/\/maribelpizafl.com\/es\/wp-json\/wp\/v2\/media?parent=5221"}],"curies":[{"name":"wp","href":"https:\/\/api.w.org\/{rel}","templated":true}]}}