{"id":5236,"date":"2023-10-10T15:24:40","date_gmt":"2023-10-10T15:24:40","guid":{"rendered":"https:\/\/maribelpizafl.com\/?page_id=5236"},"modified":"2024-01-30T19:53:05","modified_gmt":"2024-01-30T19:53:05","slug":"green-card","status":"publish","type":"page","link":"https:\/\/maribelpizafl.com\/es\/green-card\/","title":{"rendered":"Green Card"},"content":{"rendered":"<p><div class=\"fusion-fullwidth fullwidth-box fusion-builder-row-1 fusion-flex-container nonhundred-percent-fullwidth non-hundred-percent-height-scrolling fusion-animated\" style=\"--awb-border-radius-top-left:0px;--awb-border-radius-top-right:0px;--awb-border-radius-bottom-right:0px;--awb-border-radius-bottom-left:0px;--awb-margin-bottom:120px;--awb-margin-bottom-medium:80px;--awb-margin-bottom-small:60px;--awb-flex-wrap:wrap;\" data-animationtype=\"fadeInUp\" data-animationduration=\"1.3\" data-animationoffset=\"top-into-view\" ><div class=\"fusion-builder-row fusion-row fusion-flex-align-items-flex-start fusion-flex-content-wrap\" style=\"max-width:1216.8px;margin-left: calc(-4% \/ 2 );margin-right: calc(-4% \/ 2 );\"><div class=\"fusion-layout-column fusion_builder_column fusion-builder-column-0 fusion-flex-column\" style=\"--awb-bg-blend:overlay;--awb-bg-size:cover;--awb-width-large:40%;--awb-margin-top-large:0px;--awb-spacing-right-large:3.84%;--awb-margin-bottom-large:0px;--awb-spacing-left-large:4.8%;--awb-width-medium:40%;--awb-spacing-right-medium:3.84%;--awb-spacing-left-medium:4.8%;--awb-width-small:100%;--awb-spacing-right-small:1.92%;--awb-margin-bottom-small:15px;--awb-spacing-left-small:1.92%;\"><div class=\"fusion-column-wrapper fusion-flex-justify-content-flex-start fusion-content-layout-column\"><div class=\"fusion-text fusion-text-1 fusion-text-no-margin\" style=\"--awb-font-size:var(--awb-typography2-font-size);--awb-line-height:var(--awb-typography2-line-height);--awb-letter-spacing:var(--awb-typography2-letter-spacing);--awb-text-transform:var(--awb-typography2-text-transform);--awb-text-color:var(--awb-color4);--awb-margin-bottom:25px;--awb-text-font-family:var(--awb-typography2-font-family);--awb-text-font-weight:var(--awb-typography2-font-weight);--awb-text-font-style:var(--awb-typography2-font-style);\"><p style=\"letter-spacing: 3px;\">Abogado de Tarjeta Verde<\/p>\n<\/div><div class=\"fusion-title title fusion-title-1 fusion-title-text fusion-title-size-two\" style=\"--awb-margin-bottom:0px;--awb-margin-top-small:0px;--awb-margin-bottom-small:20px;--awb-font-size:37px;\"><div class=\"title-sep-container title-sep-container-left fusion-no-large-visibility fusion-no-medium-visibility fusion-no-small-visibility\"><div class=\"title-sep sep- sep-solid\" style=\"border-color:var(--awb-color3);\"><\/div><\/div><span class=\"awb-title-spacer fusion-no-large-visibility fusion-no-medium-visibility fusion-no-small-visibility\"><\/span><h2 class=\"fusion-title-heading title-heading-left fusion-responsive-typography-calculated\" style=\"margin:0;text-transform:capitalize;font-size:1em;--fontSize:37;line-height:1.35;\">Fundado en 2007 para brindar servicios a clientes en el sur de Florida y m\u00e1s all\u00e1.<\/h2><span class=\"awb-title-spacer\"><\/span><div class=\"title-sep-container title-sep-container-right\"><div class=\"title-sep sep- sep-solid\" style=\"border-color:var(--awb-color3);\"><\/div><\/div><\/div><\/div><\/div><div class=\"fusion-layout-column fusion_builder_column fusion-builder-column-1 fusion-flex-column\" style=\"--awb-bg-blend:overlay;--awb-bg-size:cover;--awb-width-large:60%;--awb-margin-top-large:0px;--awb-spacing-right-large:3.2%;--awb-margin-bottom-large:0px;--awb-spacing-left-large:6.4%;--awb-width-medium:60%;--awb-spacing-right-medium:3.2%;--awb-spacing-left-medium:6.4%;--awb-width-small:100%;--awb-spacing-right-small:1.92%;--awb-spacing-left-small:1.92%;\"><div class=\"fusion-column-wrapper fusion-flex-justify-content-flex-start fusion-content-layout-column\"><div class=\"fusion-text fusion-text-2 fusion-text-no-margin\" style=\"--awb-text-color:var(--awb-color7);--awb-margin-bottom:0px;\"><p>Asegurar la residencia permanente legal en los Estados Unidos puede ser un proceso complicado y desafiante. Contar con campeones h\u00e1biles a su lado es crucial para navegar con \u00e9xito por este laberinto legal.<\/p>\n<p>Maribel A. Piza, P.A. se ha dedicado a ayudar a los solicitantes de tarjetas verdes durante m\u00e1s de quince a\u00f1os, empatizando profundamente con las ansiedades y presiones que los no ciudadanos enfrentan al establecer sus vidas en los Estados Unidos, y estamos comprometidos en apoyarlo en este proceso.<\/p>\n<p>Ofrecemos servicios legales en varios idiomas, incluyendo:<\/p>\n<ul>\n<li>English<\/li>\n<li>Spanish<\/li>\n<\/ul>\n<p>Adem\u00e1s, ofrecemos opciones de pago flexibles para adaptarnos a aquellos que puedan encontrar dif\u00edcil cubrir los costos totales de representaci\u00f3n legal de inmediato.<\/p>\n<\/div><\/div><\/div><\/div><\/div><div class=\"fusion-fullwidth fullwidth-box fusion-builder-row-2 fusion-flex-container nonhundred-percent-fullwidth non-hundred-percent-height-scrolling fusion-animated\" style=\"--awb-border-sizes-top:0px;--awb-border-sizes-bottom:0px;--awb-border-sizes-left:0px;--awb-border-sizes-right:0px;--awb-border-radius-top-left:0px;--awb-border-radius-top-right:0px;--awb-border-radius-bottom-right:0px;--awb-border-radius-bottom-left:0px;--awb-margin-bottom:80px;--awb-margin-bottom-medium:60px;--awb-margin-bottom-small:60px;--awb-flex-wrap:wrap;\" data-animationtype=\"fadeInUp\" data-animationduration=\"1.3\" data-animationoffset=\"top-into-view\" ><div class=\"fusion-builder-row fusion-row fusion-flex-align-items-center fusion-flex-content-wrap\" style=\"max-width:1216.8px;margin-left: calc(-4% \/ 2 );margin-right: calc(-4% \/ 2 );\"><div class=\"fusion-layout-column fusion_builder_column fusion-builder-column-2 fusion_builder_column_1_2 1_2 fusion-flex-column\" style=\"--awb-bg-size:cover;--awb-width-large:50%;--awb-margin-top-large:0px;--awb-spacing-right-large:3.84%;--awb-margin-bottom-large:0px;--awb-spacing-left-large:3.84%;--awb-width-medium:40%;--awb-order-medium:0;--awb-spacing-right-medium:4.8%;--awb-spacing-left-medium:4.8%;--awb-width-small:100%;--awb-order-small:0;--awb-spacing-right-small:1.92%;--awb-margin-bottom-small:60px;--awb-spacing-left-small:1.92%;\"><div class=\"fusion-column-wrapper fusion-column-has-shadow fusion-flex-justify-content-flex-start fusion-content-layout-column\"><div class=\"fusion-image-element\" style=\"--awb-caption-title-font-family:var(--h2_typography-font-family);--awb-caption-title-font-weight:var(--h2_typography-font-weight);--awb-caption-title-font-style:var(--h2_typography-font-style);--awb-caption-title-size:var(--h2_typography-font-size);--awb-caption-title-transform:var(--h2_typography-text-transform);--awb-caption-title-line-height:var(--h2_typography-line-height);--awb-caption-title-letter-spacing:var(--h2_typography-letter-spacing);\"><span class=\"fusion-imageframe imageframe-none imageframe-1 hover-type-none\"><img decoding=\"async\" width=\"900\" height=\"944\" title=\"Green-Card\" src=\"https:\/\/maribelpizafl.com\/wp-content\/uploads\/2023\/10\/Green-Card.jpg\" data-orig-src=\"https:\/\/maribelpizafl.com\/wp-content\/uploads\/2023\/10\/Green-Card.jpg\" alt class=\"lazyload img-responsive wp-image-5568\" srcset=\"data:image\/svg+xml,%3Csvg%20xmlns%3D%27http%3A%2F%2Fwww.w3.org%2F2000%2Fsvg%27%20width%3D%27900%27%20height%3D%27944%27%20viewBox%3D%270%200%20900%20944%27%3E%3Crect%20width%3D%27900%27%20height%3D%27944%27%20fill-opacity%3D%220%22%2F%3E%3C%2Fsvg%3E\" data-srcset=\"https:\/\/maribelpizafl.com\/wp-content\/uploads\/2023\/10\/Green-Card-200x210.jpg 200w, https:\/\/maribelpizafl.com\/wp-content\/uploads\/2023\/10\/Green-Card-400x420.jpg 400w, https:\/\/maribelpizafl.com\/wp-content\/uploads\/2023\/10\/Green-Card-600x629.jpg 600w, https:\/\/maribelpizafl.com\/wp-content\/uploads\/2023\/10\/Green-Card-800x839.jpg 800w, https:\/\/maribelpizafl.com\/wp-content\/uploads\/2023\/10\/Green-Card.jpg 900w\" data-sizes=\"auto\" data-orig-sizes=\"(max-width: 1024px) 100vw, (max-width: 640px) 100vw, 600px\" \/><\/span><\/div><\/div><\/div><div class=\"fusion-layout-column fusion_builder_column fusion-builder-column-3 fusion_builder_column_1_2 1_2 fusion-flex-column\" style=\"--awb-padding-right-medium:0px;--awb-padding-left-medium:0px;--awb-bg-size:cover;--awb-width-large:50%;--awb-margin-top-large:0px;--awb-spacing-right-large:3.84%;--awb-margin-bottom-large:0px;--awb-spacing-left-large:40px;--awb-width-medium:60%;--awb-order-medium:0;--awb-spacing-right-medium:3.2%;--awb-spacing-left-medium:40px;--awb-width-small:100%;--awb-order-small:1;--awb-spacing-right-small:1.92%;--awb-margin-bottom-small:0px;--awb-spacing-left-small:1.92%;\" data-scroll-devices=\"small-visibility,medium-visibility,large-visibility\"><div class=\"fusion-column-wrapper fusion-column-has-shadow fusion-flex-justify-content-center fusion-content-layout-column\"><div class=\"fusion-title title fusion-title-2 fusion-title-text fusion-title-size-two\" style=\"--awb-margin-top:10px;--awb-margin-right:0px;--awb-margin-bottom:40px;--awb-margin-left:0px;--awb-margin-top-small:10px;--awb-margin-right-small:0px;--awb-margin-bottom-small:50px;--awb-margin-left-small:0px;\"><div class=\"title-sep-container title-sep-container-left fusion-no-large-visibility fusion-no-medium-visibility fusion-no-small-visibility\"><div class=\"title-sep sep- sep-solid\" style=\"border-color:var(--awb-color3);\"><\/div><\/div><span class=\"awb-title-spacer fusion-no-large-visibility fusion-no-medium-visibility fusion-no-small-visibility\"><\/span><h2 class=\"fusion-title-heading title-heading-left fusion-responsive-typography-calculated\" style=\"margin:0;text-transform:none;--fontSize:42;line-height:var(--awb-typography1-line-height);\">\u00bfCu\u00e1l es la definici\u00f3n de residencia permanente?<\/h2><span class=\"awb-title-spacer\"><\/span><div class=\"title-sep-container title-sep-container-right\"><div class=\"title-sep sep- sep-solid\" style=\"border-color:var(--awb-color3);\"><\/div><\/div><\/div><div class=\"fusion-text fusion-text-3 fusion-text-no-margin\" style=\"--awb-margin-right:10%;--awb-margin-bottom:0px;--awb-margin-left:10%;\"><p>La residencia permanente se refiere a la autorizaci\u00f3n otorgada a un individuo para vivir y trabajar indefinidamente en los Estados Unidos. Una vez obtenida esta autorizaci\u00f3n, el Servicio de Ciudadan\u00eda e Inmigraci\u00f3n de los Estados Unidos (USCIS, por sus siglas en ingl\u00e9s) emite una tarjeta de residente permanente, com\u00fanmente conocida como tarjeta verde, como evidencia de dicho estatus.<\/p>\n<p>Existen varios caminos que pueden llevar a la residencia permanente en los Estados Unidos. Por lo general, las personas son patrocinadas por un miembro de la familia o un empleador en los Estados Unidos. Otros pueden obtener la residencia permanente a trav\u00e9s del estatus de refugiado o asilado u otros programas especializados. En ciertos casos, las personas pueden ser elegibles para solicitarla por s\u00ed mismas.<\/p>\n<\/div><\/div><\/div><\/div><\/div><div class=\"fusion-fullwidth fullwidth-box fusion-builder-row-3 fusion-flex-container has-pattern-background has-mask-background nonhundred-percent-fullwidth non-hundred-percent-height-scrolling fusion-animated\" style=\"--awb-border-sizes-top:0px;--awb-border-sizes-bottom:0px;--awb-border-sizes-left:0px;--awb-border-sizes-right:0px;--awb-border-radius-top-left:0px;--awb-border-radius-top-right:0px;--awb-border-radius-bottom-right:0px;--awb-border-radius-bottom-left:0px;--awb-margin-bottom:20px;--awb-margin-bottom-medium:60px;--awb-margin-bottom-small:60px;--awb-flex-wrap:wrap;\" data-animationtype=\"fadeInUp\" data-animationduration=\"1.3\" data-animationoffset=\"top-into-view\" ><div class=\"fusion-builder-row fusion-row fusion-flex-align-items-center fusion-flex-content-wrap\" style=\"max-width:1216.8px;margin-left: calc(-4% \/ 2 );margin-right: calc(-4% \/ 2 );\"><div class=\"fusion-layout-column fusion_builder_column fusion-builder-column-4 fusion_builder_column_1_1 1_1 fusion-flex-column\" style=\"--awb-padding-right-medium:0px;--awb-padding-left-medium:0px;--awb-bg-size:cover;--awb-width-large:100%;--awb-margin-top-large:0px;--awb-spacing-right-large:1.92%;--awb-margin-bottom-large:0px;--awb-spacing-left-large:1.92%;--awb-width-medium:60%;--awb-order-medium:0;--awb-spacing-right-medium:3.2%;--awb-spacing-left-medium:3.2%;--awb-width-small:100%;--awb-order-small:1;--awb-spacing-right-small:1.92%;--awb-margin-bottom-small:0px;--awb-spacing-left-small:1.92%;\" data-scroll-devices=\"small-visibility,medium-visibility,large-visibility\"><div class=\"fusion-column-wrapper fusion-column-has-shadow fusion-flex-justify-content-center fusion-content-layout-row\"><div class=\"fusion-title title fusion-title-3 fusion-title-center fusion-title-text fusion-title-size-two\" style=\"--awb-margin-top:10px;--awb-margin-right:0px;--awb-margin-bottom:40px;--awb-margin-left:0px;--awb-margin-top-small:10px;--awb-margin-right-small:0px;--awb-margin-bottom-small:50px;--awb-margin-left-small:0px;--awb-font-size:36px;\"><div class=\"title-sep-container title-sep-container-left\"><div class=\"title-sep sep- sep-solid\" style=\"border-color:var(--awb-color3);\"><\/div><\/div><span class=\"awb-title-spacer\"><\/span><h2 class=\"fusion-title-heading title-heading-center fusion-responsive-typography-calculated\" style=\"margin:0;text-transform:none;font-size:1em;--fontSize:36;line-height:var(--awb-typography1-line-height);\">\u00bfQui\u00e9n es elegible para la residencia permanente?<\/h2><span class=\"awb-title-spacer\"><\/span><div class=\"title-sep-container title-sep-container-right\"><div class=\"title-sep sep- sep-solid\" style=\"border-color:var(--awb-color3);\"><\/div><\/div><\/div><div class=\"fusion-text fusion-text-4 fusion-text-no-margin\" style=\"--awb-margin-right:10%;--awb-margin-bottom:0px;--awb-margin-left:10%;\"><p>Seg\u00fan el Servicio de Ciudadan\u00eda e Inmigraci\u00f3n de los Estados Unidos (USCIS, por sus siglas en ingl\u00e9s), la elegibilidad para una tarjeta de residencia (residencia permanente) puede aplicar a:<\/p>\n<ul>\n<li>Un hijo, c\u00f3nyuge, prometido(a), viudo(a) u otro pariente de un ciudadano estadounidense o residente permanente;<\/li>\n<li>Un inversionista que establece una nueva empresa comercial en los Estados Unidos que crea al menos 10 puestos de trabajo a tiempo completo, requiriendo una inversi\u00f3n de $900,000 a $1,800,000, dependiendo de la zona econ\u00f3mica;<\/li>\n<li>Un m\u00e9dico que se compromete a ejercer en un \u00e1rea con falta de servicios m\u00e9dicos durante un per\u00edodo establecido dentro de un programa cl\u00ednico especificado;<\/li>\n<li>Un trabajador inmigrante que cumple con ciertas calificaciones;<\/li>\n<li>Un inmigrante \"especial\", como personal de medios de comunicaci\u00f3n, un ni\u00f1o bajo el estatus de \"juvenil inmigrante especial\" o un trabajador religioso;<\/li>\n<li>Un refugiado o asilado;<\/li>\n<li>Una v\u00edctima de delitos, abuso o tr\u00e1fico de personas;<\/li>\n<li>Un refugiado o inmigrante que busca la residencia bajo un programa especial como la Ley de Ajuste Cubano o la Ley de Justicia de Inmigraci\u00f3n para Refugiados Haitianos;<\/li>\n<li>Cualquier persona que haya sido residente desde el 1 de enero de 1972.<\/li>\n<\/ul>\n<\/div><div class=\"fusion-content-boxes content-boxes columns row fusion-columns-1 fusion-columns-total-1 fusion-content-boxes-1 content-boxes-clean-vertical content-left content-boxes-icon-on-top\" style=\"--awb-body-color:var(--awb-color1);--awb-title-color:var(--awb-color4);--awb-hover-accent-color:var(--awb-color1);--awb-circle-hover-accent-color:var(--awb-color1);--awb-item-margin-bottom:40px;\" data-animationoffset=\"top-into-view\"><div style=\"--awb-backgroundcolor:var(--awb-custom_color_3);border-color:rgba(255,255,255,0);\" class=\"fusion-column content-box-column content-box-column content-box-column-1 col-lg-12 col-md-12 col-sm-12 fusion-content-box-hover content-box-column-last content-box-column-last-in-row\"><div class=\"col content-box-wrapper content-wrapper-background link-area-link-icon icon-hover-animation-none\" data-animationoffset=\"top-into-view\"><div class=\"heading icon-left\"><h2 class=\"content-box-heading fusion-responsive-typography-calculated\" style=\"--h2_typography-font-size:24px;--fontSize:24;line-height:var(--awb-typography1-line-height);\">Env\u00edenos un mensaje en l\u00ednea o llame al (561) 779-3525<\/h2><\/div><div class=\"fusion-clearfix\"><\/div><div class=\"content-container\">Para programar su consulta por tel\u00e9fono, en persona o por chat con un abogado de inmigraci\u00f3n en Florida hoy. Nuestros servicios est\u00e1n disponibles en ingl\u00e9s y espa\u00f1ol.<\/div><\/div><\/div><div class=\"fusion-clearfix\"><\/div><\/div><\/div><\/div><\/div><\/div><\/p>","protected":false},"excerpt":{"rendered":"","protected":false},"author":1,"featured_media":5740,"parent":0,"menu_order":0,"comment_status":"closed","ping_status":"closed","template":"100-width.php","meta":{"footnotes":""},"class_list":["post-5236","page","type-page","status-publish","has-post-thumbnail","hentry"],"yoast_head":"<!-- This site is optimized with the Yoast SEO plugin v27.5 - https:\/\/yoast.com\/product\/yoast-seo-wordpress\/ -->\n<title>Green Card - Maribel A. Piza, P.A.<\/title>\n<meta name=\"description\" content=\"Securing lawful permanent residency in the United States can be an intricate and formidable endeavor. Having skilled champions by your side is crucial to maneuver through this legal maze successfully.\" \/>\n<meta name=\"robots\" content=\"index, follow, max-snippet:-1, max-image-preview:large, max-video-preview:-1\" \/>\n<link rel=\"canonical\" href=\"https:\/\/maribelpizafl.com\/es\/green-card\/\" \/>\n<meta property=\"og:locale\" content=\"es_MX\" \/>\n<meta property=\"og:type\" content=\"article\" \/>\n<meta property=\"og:title\" content=\"Green Card - Maribel A. Piza, P.A.\" \/>\n<meta property=\"og:description\" content=\"Securing lawful permanent residency in the United States can be an intricate and formidable endeavor. Having skilled champions by your side is crucial to maneuver through this legal maze successfully.\" \/>\n<meta property=\"og:url\" content=\"https:\/\/maribelpizafl.com\/es\/green-card\/\" \/>\n<meta property=\"og:site_name\" content=\"Maribel A. Piza, P.A.\" \/>\n<meta property=\"article:modified_time\" content=\"2024-01-30T19:53:05+00:00\" \/>\n<meta property=\"og:image\" content=\"https:\/\/maribelpizafl.com\/wp-content\/uploads\/2023\/11\/african-american-couple-looking-camera-scaled-1.jpg\" \/>\n\t<meta property=\"og:image:width\" content=\"2560\" \/>\n\t<meta property=\"og:image:height\" content=\"1535\" \/>\n\t<meta property=\"og:image:type\" content=\"image\/jpeg\" \/>\n<meta name=\"twitter:card\" content=\"summary_large_image\" \/>\n<meta name=\"twitter:label1\" content=\"Tiempo de lectura\" \/>\n\t<meta name=\"twitter:data1\" content=\"3 minutos\" \/>\n<script type=\"application\/ld+json\" class=\"yoast-schema-graph\">{\"@context\":\"https:\\\/\\\/schema.org\",\"@graph\":[{\"@type\":\"WebPage\",\"@id\":\"https:\\\/\\\/maribelpizafl.com\\\/green-card\\\/\",\"url\":\"https:\\\/\\\/maribelpizafl.com\\\/green-card\\\/\",\"name\":\"Green Card - Maribel A. Piza, P.A.\",\"isPartOf\":{\"@id\":\"https:\\\/\\\/maribelpizafl.com\\\/#website\"},\"primaryImageOfPage\":{\"@id\":\"https:\\\/\\\/maribelpizafl.com\\\/green-card\\\/#primaryimage\"},\"image\":{\"@id\":\"https:\\\/\\\/maribelpizafl.com\\\/green-card\\\/#primaryimage\"},\"thumbnailUrl\":\"https:\\\/\\\/maribelpizafl.com\\\/wp-content\\\/uploads\\\/2023\\\/11\\\/african-american-couple-looking-camera-scaled-1.jpg\",\"datePublished\":\"2023-10-10T15:24:40+00:00\",\"dateModified\":\"2024-01-30T19:53:05+00:00\",\"description\":\"Securing lawful permanent residency in the United States can be an intricate and formidable endeavor. Having skilled champions by your side is crucial to maneuver through this legal maze successfully.\",\"breadcrumb\":{\"@id\":\"https:\\\/\\\/maribelpizafl.com\\\/green-card\\\/#breadcrumb\"},\"inLanguage\":\"es\",\"potentialAction\":[{\"@type\":\"ReadAction\",\"target\":[\"https:\\\/\\\/maribelpizafl.com\\\/green-card\\\/\"]}]},{\"@type\":\"ImageObject\",\"inLanguage\":\"es\",\"@id\":\"https:\\\/\\\/maribelpizafl.com\\\/green-card\\\/#primaryimage\",\"url\":\"https:\\\/\\\/maribelpizafl.com\\\/wp-content\\\/uploads\\\/2023\\\/11\\\/african-american-couple-looking-camera-scaled-1.jpg\",\"contentUrl\":\"https:\\\/\\\/maribelpizafl.com\\\/wp-content\\\/uploads\\\/2023\\\/11\\\/african-american-couple-looking-camera-scaled-1.jpg\",\"width\":2560,\"height\":1535,\"caption\":\"african american couple looking at camera\"},{\"@type\":\"BreadcrumbList\",\"@id\":\"https:\\\/\\\/maribelpizafl.com\\\/green-card\\\/#breadcrumb\",\"itemListElement\":[{\"@type\":\"ListItem\",\"position\":1,\"name\":\"Home\",\"item\":\"https:\\\/\\\/maribelpizafl.com\\\/\"},{\"@type\":\"ListItem\",\"position\":2,\"name\":\"Green Card\"}]},{\"@type\":\"WebSite\",\"@id\":\"https:\\\/\\\/maribelpizafl.com\\\/#website\",\"url\":\"https:\\\/\\\/maribelpizafl.com\\\/\",\"name\":\"Maribel A. Piza, P.A.\",\"description\":\"\",\"potentialAction\":[{\"@type\":\"SearchAction\",\"target\":{\"@type\":\"EntryPoint\",\"urlTemplate\":\"https:\\\/\\\/maribelpizafl.com\\\/?s={search_term_string}\"},\"query-input\":{\"@type\":\"PropertyValueSpecification\",\"valueRequired\":true,\"valueName\":\"search_term_string\"}}],\"inLanguage\":\"es\"}]}<\/script>\n<!-- \/ Yoast SEO plugin. -->","yoast_head_json":{"title":"Green Card - Maribel A. Piza, P.A.","description":"Asegurar la residencia permanente legal en los Estados Unidos puede ser un proceso complicado y desafiante. Contar con campeones h\u00e1biles a su lado es crucial para navegar con \u00e9xito por este laberinto legal.","robots":{"index":"index","follow":"follow","max-snippet":"max-snippet:-1","max-image-preview":"max-image-preview:large","max-video-preview":"max-video-preview:-1"},"canonical":"https:\/\/maribelpizafl.com\/es\/green-card\/","og_locale":"es_MX","og_type":"article","og_title":"Green Card - Maribel A. Piza, P.A.","og_description":"Securing lawful permanent residency in the United States can be an intricate and formidable endeavor. Having skilled champions by your side is crucial to maneuver through this legal maze successfully.","og_url":"https:\/\/maribelpizafl.com\/es\/green-card\/","og_site_name":"Maribel A. Piza, P.A.","article_modified_time":"2024-01-30T19:53:05+00:00","og_image":[{"width":2560,"height":1535,"url":"https:\/\/maribelpizafl.com\/wp-content\/uploads\/2023\/11\/african-american-couple-looking-camera-scaled-1.jpg","type":"image\/jpeg"}],"twitter_card":"summary_large_image","twitter_misc":{"Tiempo de lectura":"3 minutos"},"schema":{"@context":"https:\/\/schema.org","@graph":[{"@type":"WebPage","@id":"https:\/\/maribelpizafl.com\/green-card\/","url":"https:\/\/maribelpizafl.com\/green-card\/","name":"Green Card - Maribel A. Piza, P.A.","isPartOf":{"@id":"https:\/\/maribelpizafl.com\/#website"},"primaryImageOfPage":{"@id":"https:\/\/maribelpizafl.com\/green-card\/#primaryimage"},"image":{"@id":"https:\/\/maribelpizafl.com\/green-card\/#primaryimage"},"thumbnailUrl":"https:\/\/maribelpizafl.com\/wp-content\/uploads\/2023\/11\/african-american-couple-looking-camera-scaled-1.jpg","datePublished":"2023-10-10T15:24:40+00:00","dateModified":"2024-01-30T19:53:05+00:00","description":"Asegurar la residencia permanente legal en los Estados Unidos puede ser un proceso complicado y desafiante. Contar con campeones h\u00e1biles a su lado es crucial para navegar con \u00e9xito por este laberinto legal.","breadcrumb":{"@id":"https:\/\/maribelpizafl.com\/green-card\/#breadcrumb"},"inLanguage":"es","potentialAction":[{"@type":"ReadAction","target":["https:\/\/maribelpizafl.com\/green-card\/"]}]},{"@type":"ImageObject","inLanguage":"es","@id":"https:\/\/maribelpizafl.com\/green-card\/#primaryimage","url":"https:\/\/maribelpizafl.com\/wp-content\/uploads\/2023\/11\/african-american-couple-looking-camera-scaled-1.jpg","contentUrl":"https:\/\/maribelpizafl.com\/wp-content\/uploads\/2023\/11\/african-american-couple-looking-camera-scaled-1.jpg","width":2560,"height":1535,"caption":"african american couple looking at camera"},{"@type":"BreadcrumbList","@id":"https:\/\/maribelpizafl.com\/green-card\/#breadcrumb","itemListElement":[{"@type":"ListItem","position":1,"name":"Home","item":"https:\/\/maribelpizafl.com\/"},{"@type":"ListItem","position":2,"name":"Green Card"}]},{"@type":"WebSite","@id":"https:\/\/maribelpizafl.com\/#website","url":"https:\/\/maribelpizafl.com\/","name":"Maribel A. Piza, P.A.","description":"","potentialAction":[{"@type":"SearchAction","target":{"@type":"EntryPoint","urlTemplate":"https:\/\/maribelpizafl.com\/?s={search_term_string}"},"query-input":{"@type":"PropertyValueSpecification","valueRequired":true,"valueName":"search_term_string"}}],"inLanguage":"es"}]}},"_links":{"self":[{"href":"https:\/\/maribelpizafl.com\/es\/wp-json\/wp\/v2\/pages\/5236","targetHints":{"allow":["GET"]}}],"collection":[{"href":"https:\/\/maribelpizafl.com\/es\/wp-json\/wp\/v2\/pages"}],"about":[{"href":"https:\/\/maribelpizafl.com\/es\/wp-json\/wp\/v2\/types\/page"}],"author":[{"embeddable":true,"href":"https:\/\/maribelpizafl.com\/es\/wp-json\/wp\/v2\/users\/1"}],"replies":[{"embeddable":true,"href":"https:\/\/maribelpizafl.com\/es\/wp-json\/wp\/v2\/comments?post=5236"}],"version-history":[{"count":9,"href":"https:\/\/maribelpizafl.com\/es\/wp-json\/wp\/v2\/pages\/5236\/revisions"}],"predecessor-version":[{"id":5921,"href":"https:\/\/maribelpizafl.com\/es\/wp-json\/wp\/v2\/pages\/5236\/revisions\/5921"}],"wp:featuredmedia":[{"embeddable":true,"href":"https:\/\/maribelpizafl.com\/es\/wp-json\/wp\/v2\/media\/5740"}],"wp:attachment":[{"href":"https:\/\/maribelpizafl.com\/es\/wp-json\/wp\/v2\/media?parent=5236"}],"curies":[{"name":"wp","href":"https:\/\/api.w.org\/{rel}","templated":true}]}}